{"id":554,"date":"2014-08-28T10:23:17","date_gmt":"2014-08-28T08:23:17","guid":{"rendered":"http:\/\/logit.es\/?page_id=554"},"modified":"2014-08-28T10:23:17","modified_gmt":"2014-08-28T08:23:17","slug":"mision-vision-y-valores-de-logit","status":"publish","type":"page","link":"https:\/\/logit.es\/?page_id=554","title":{"rendered":"Misi\u00f3n, Visi\u00f3n y Valores de Logit"},"content":{"rendered":"<p style=\"line-height: 14.25pt;\"><b><span style=\"font-family: Georgia;\">Nuestra misi\u00f3n:<span class=\"apple-converted-space\">\u00a0<\/span><\/span><\/b><span style=\"font-family: Georgia;\">Queremos ayudar a nuestros clientes a tomar decisiones con la m\u00e1xima informaci\u00f3n posible.<\/span><\/p>\n<p style=\"line-height: 14.25pt;\"><b><span style=\"font-family: Georgia;\">Nuestra visi\u00f3n:\u00a0<\/span><\/b><span style=\"font-family: Georgia;\">Ser un referente en la investigaci\u00f3n de mercados.<\/span><\/p>\n<p style=\"line-height: 14.25pt;\"><b><span style=\"font-family: Georgia;\">Nuestros valores:\u00a0<\/span><\/b><span style=\"font-family: Georgia;\">Pasi\u00f3n por hacer las cosas bien. No rendirse ante las adversidades. Cumplir con la palabra dada.<\/span><\/p>\n<p style=\"line-height: 14.25pt;\"><img loading=\"lazy\" decoding=\"async\" class=\"size-full wp-image-418 aligncenter\" src=\"https:\/\/logit.es\/wp-content\/uploads\/2013\/11\/puzzle.jpg\" alt=\"puzzle\" width=\"350\" height=\"304\" srcset=\"https:\/\/logit.es\/wp-content\/uploads\/2013\/11\/puzzle.jpg 350w, https:\/\/logit.es\/wp-content\/uploads\/2013\/11\/puzzle-300x260.jpg 300w\" sizes=\"auto, (max-width: 350px) 100vw, 350px\" \/><\/p>\n","protected":false},"excerpt":{"rendered":"<p>Nuestra misi\u00f3n:\u00a0Queremos ayudar a nuestros clientes a tomar decisiones con la m\u00e1xima informaci\u00f3n posible. Nuestra visi\u00f3n:\u00a0Ser un referente en la investigaci\u00f3n de mercados. Nuestros valores:\u00a0Pasi\u00f3n por hacer las cosas bien. No rendirse ante las adversidades. Cumplir con la palabra dada.<\/p>\n","protected":false},"author":1,"featured_media":0,"parent":0,"menu_order":0,"comment_status":"closed","ping_status":"closed","template":"","meta":{"footnotes":""},"class_list":["post-554","page","type-page","status-publish","hentry"],"_links":{"self":[{"href":"https:\/\/logit.es\/index.php?rest_route=\/wp\/v2\/pages\/554","targetHints":{"allow":["GET"]}}],"collection":[{"href":"https:\/\/logit.es\/index.php?rest_route=\/wp\/v2\/pages"}],"about":[{"href":"https:\/\/logit.es\/index.php?rest_route=\/wp\/v2\/types\/page"}],"author":[{"embeddable":true,"href":"https:\/\/logit.es\/index.php?rest_route=\/wp\/v2\/users\/1"}],"replies":[{"embeddable":true,"href":"https:\/\/logit.es\/index.php?rest_route=%2Fwp%2Fv2%2Fcomments&post=554"}],"version-history":[{"count":1,"href":"https:\/\/logit.es\/index.php?rest_route=\/wp\/v2\/pages\/554\/revisions"}],"predecessor-version":[{"id":555,"href":"https:\/\/logit.es\/index.php?rest_route=\/wp\/v2\/pages\/554\/revisions\/555"}],"wp:attachment":[{"href":"https:\/\/logit.es\/index.php?rest_route=%2Fwp%2Fv2%2Fmedia&parent=554"}],"curies":[{"name":"wp","href":"https:\/\/api.w.org\/{rel}","templated":true}]}}