{"id":210,"date":"2013-10-11T12:01:59","date_gmt":"2013-10-11T10:01:59","guid":{"rendered":"http:\/\/logit.es\/?page_id=210"},"modified":"2013-11-28T12:18:55","modified_gmt":"2013-11-28T10:18:55","slug":"presentacion-de-resultados","status":"publish","type":"page","link":"https:\/\/logit.es\/?page_id=210","title":{"rendered":"M\u00e9todos para comunicar los resultados de tu investigaci\u00f3n"},"content":{"rendered":"<h4>Informes de resultados seg\u00fan la\u00a0La Conferencia de Estad\u00edsticos Europeos<\/h4>\n<p>La Conferencia de Estad\u00edsticos Europeos (C.E.E.) se\u00f1al\u00f3 en su Reuni\u00f3n Plenaria (Ginebra, 1982) la necesidad de dos tipos de informes:<\/p>\n<ul>\n<ul>\n<li><strong>T\u00e9cnico<\/strong>. El<strong>\u00a0<\/strong>informe t\u00e9cnico\u00a0debe recoger informaci\u00f3n detallada sobre: fuentes de los datos, conceptos, definiciones, clasificaciones, metodolog\u00eda, etc. Para encuestas que se realizan a intervalos regulares estos informes pueden publicarse de modo irregular, poni\u00e9ndolos al d\u00eda cuando sea necesario.<\/li>\n<li><strong>Resumido<\/strong>. Los informes resumidos sobre la calidad de los datos se dedican principalmente al usuario general, y se deben presentar en cada difusi\u00f3n primaria de los datos de una encuesta.<\/li>\n<\/ul>\n<\/ul>\n<div class=\"su-spoiler su-spoiler-style-fancy su-spoiler-icon-plus su-spoiler-closed\" data-scroll-offset=\"0\" data-anchor-in-url=\"no\"><div class=\"su-spoiler-title\" tabindex=\"0\" role=\"button\"><span class=\"su-spoiler-icon\"><\/span>Contenidos m\u00ednimos de un informe resumido seg\u00fan la C.E.E.<\/div><div class=\"su-spoiler-content su-u-clearfix su-u-trim\">\n<ol>\n<li>Informaci\u00f3n b\u00e1sica sobre la fuente de los datos, as\u00ed como sobre las definiciones y las clasificaciones.<\/li>\n<li>La cobertura de la encuesta, incluyendo la idoneidad del marco.<\/li>\n<li>Descripci\u00f3n de los m\u00e9todos de selecci\u00f3n y estimaci\u00f3n.<\/li>\n<li>Tasas de respuestas y su definici\u00f3n.<\/li>\n<li>Error de muestreo e indicaci\u00f3n de su interpretaci\u00f3n.<\/li>\n<li>Indicadores sobre el tama\u00f1o y direcci\u00f3n de otros posibles errores.<\/li>\n<li>Informaci\u00f3n de cambios de procedimientos que podr\u00edan afectar la compatibilidad en el tiempo.<\/li>\n<li>Comparabilidad con estad\u00edsticas procedentes de otras fuentes.<\/li>\n<li>Referencia al informe t\u00e9cnico detallado.<\/li>\n<\/ol>\n<\/div><\/div>\n","protected":false},"excerpt":{"rendered":"<p>Informes de resultados seg\u00fan la\u00a0La Conferencia de Estad\u00edsticos Europeos La Conferencia de Estad\u00edsticos Europeos (C.E.E.) se\u00f1al\u00f3 en su Reuni\u00f3n Plenaria (Ginebra, 1982) la necesidad de dos tipos de informes: T\u00e9cnico. El\u00a0informe t\u00e9cnico\u00a0debe recoger informaci\u00f3n detallada sobre: fuentes de los datos, conceptos, definiciones, clasificaciones, metodolog\u00eda, etc. Para encuestas que se realizan a intervalos regulares estos informes &#8230; <\/p>\n<p class=\"moree\"><a class=\"more\" href=\"https:\/\/logit.es\/?page_id=210\">Read more <i class=\"fa fa-arrow-circle-right\"><\/i><\/a><\/p>\n","protected":false},"author":1,"featured_media":0,"parent":201,"menu_order":0,"comment_status":"closed","ping_status":"closed","template":"content-sidebar-page.php","meta":{"footnotes":""},"class_list":["post-210","page","type-page","status-publish","hentry"],"_links":{"self":[{"href":"https:\/\/logit.es\/index.php?rest_route=\/wp\/v2\/pages\/210","targetHints":{"allow":["GET"]}}],"collection":[{"href":"https:\/\/logit.es\/index.php?rest_route=\/wp\/v2\/pages"}],"about":[{"href":"https:\/\/logit.es\/index.php?rest_route=\/wp\/v2\/types\/page"}],"author":[{"embeddable":true,"href":"https:\/\/logit.es\/index.php?rest_route=\/wp\/v2\/users\/1"}],"replies":[{"embeddable":true,"href":"https:\/\/logit.es\/index.php?rest_route=%2Fwp%2Fv2%2Fcomments&post=210"}],"version-history":[{"count":11,"href":"https:\/\/logit.es\/index.php?rest_route=\/wp\/v2\/pages\/210\/revisions"}],"predecessor-version":[{"id":416,"href":"https:\/\/logit.es\/index.php?rest_route=\/wp\/v2\/pages\/210\/revisions\/416"}],"up":[{"embeddable":true,"href":"https:\/\/logit.es\/index.php?rest_route=\/wp\/v2\/pages\/201"}],"wp:attachment":[{"href":"https:\/\/logit.es\/index.php?rest_route=%2Fwp%2Fv2%2Fmedia&parent=210"}],"curies":[{"name":"wp","href":"https:\/\/api.w.org\/{rel}","templated":true}]}}