{"id":208,"date":"2013-10-11T12:00:31","date_gmt":"2013-10-11T10:00:31","guid":{"rendered":"http:\/\/logit.es\/?page_id=208"},"modified":"2013-11-29T13:17:47","modified_gmt":"2013-11-29T11:17:47","slug":"analisis-de-datos","status":"publish","type":"page","link":"https:\/\/logit.es\/?page_id=208","title":{"rendered":"M\u00e9todos para sacar la informaci\u00f3n que buscas a partir de los datos obtenidos"},"content":{"rendered":"<p>Una vez recogidos los datos mediante las t\u00e9cnicas anteriormente indicadas, proceder\u00e1s al an\u00e1lisis de los mismos para obtener la informaci\u00f3n que necesites. Este an\u00e1lisis lo puedes realizar a trav\u00e9s de los siguientes m\u00e9todos:<\/p>\n<div class=\"su-tabs su-tabs-style-default su-tabs-mobile-stack\" data-active=\"1\" data-scroll-offset=\"0\" data-anchor-in-url=\"no\"><div class=\"su-tabs-nav\"><span class=\"\" data-url=\"\" data-target=\"blank\" tabindex=\"0\" role=\"button\"><b>DE ENTREVISTAS O DIN\u00c1MICAS<\/b><\/span><span class=\"\" data-url=\"\" data-target=\"blank\" tabindex=\"0\" role=\"button\"><b>DE ENCUESTAS<\/b><\/span><\/div><div class=\"su-tabs-panes\"><div class=\"su-tabs-pane su-u-clearfix su-u-trim\" data-title=\"&lt;b&gt;DE ENTREVISTAS O DIN\u00c1MICAS&lt;\/b&gt;\">\n<p>El proceso que puedes seguir para el an\u00e1lisis de las entrevistas, din\u00e1micas de grupo y otras t\u00e9cnicas cualitativas se resume en los siguientes pasos:<\/p>\n<ol start=\"1\">\n<li><b>Obtener la informaci\u00f3n:<\/b>\u00a0a trav\u00e9s del registro sistem\u00e1tico de notas de campo, de la obtenci\u00f3n de documentos de diversa \u00edndole, y de la realizaci\u00f3n de entrevistas o din\u00e1micas.<\/li>\n<li><b>Capturar, transcribir y ordenar la informaci\u00f3n.\u00a0<\/b>Toda la informaci\u00f3n obtenida es transcrita en un formato perfectamente legible.<\/li>\n<li><b>Codificar la informaci\u00f3n:<\/b>\u00a0en esta fase se agrupa la informaci\u00f3n obtenida en categor\u00edas que concentran las ideas, conceptos o temas similares.<\/li>\n<li><b>Integrar la informaci\u00f3n:<\/b>\u00a0por \u00faltimo, se relacionan las categor\u00edas obtenidas en el paso anterior, entre s\u00ed y con los fundamentos te\u00f3ricos de la investigaci\u00f3n.<\/li>\n<\/ol>\n<p>El proceso de codificaci\u00f3n fragmenta las transcripciones en categor\u00edas separadas de temas, conceptos, eventos o estados. La codificaci\u00f3n fuerza a ver cada detalle, cada cita textual, para determinar qu\u00e9 aporta al an\u00e1lisis. Una vez que se han encontrado esos conceptos y temas individuales, se relacionan entre s\u00ed para poder elaborar una explicaci\u00f3n integrada.<\/p>\n<\/div>\n<div class=\"su-tabs-pane su-u-clearfix su-u-trim\" data-title=\"&lt;b&gt;DE ENCUESTAS&lt;\/b&gt;\">\n<p>Para el tratamiento estad\u00edstico de las respuestas recogidas, es conveniente que sistematices el proceso que vas a seguir, detallando los an\u00e1lisis que vas a realizar. El proceso de an\u00e1lisis estad\u00edstico que se podr\u00edas realizar ser\u00eda el siguiente:<\/p>\n<p><img loading=\"lazy\" decoding=\"async\" class=\"aligncenter\" alt=\"Imagen4\" src=\"https:\/\/logit.es\/wp-content\/uploads\/2013\/10\/Imagen4.jpg\" width=\"416\" height=\"88\" \/><\/p>\n<h6><em><strong>An\u00e1lisis descriptivo<\/strong><\/em><\/h6>\n<p>En primera instancia lleva a cabo una explotaci\u00f3n de la informaci\u00f3n basada en las siguientes t\u00e9cnicas estad\u00edsticas descriptivas:<\/p>\n<div class=\"su-spoiler su-spoiler-style-fancy su-spoiler-icon-plus su-spoiler-closed\" data-scroll-offset=\"0\" data-anchor-in-url=\"no\"><div class=\"su-spoiler-title\" tabindex=\"0\" role=\"button\"><span class=\"su-spoiler-icon\"><\/span>An\u00e1lisis de frecuencias<\/div><div class=\"su-spoiler-content su-u-clearfix su-u-trim\">En contrucci\u00f3n. Disculpe las molestias.<\/div><\/div>\n<div class=\"su-spoiler su-spoiler-style-fancy su-spoiler-icon-plus su-spoiler-closed\" data-scroll-offset=\"0\" data-anchor-in-url=\"no\"><div class=\"su-spoiler-title\" tabindex=\"0\" role=\"button\"><span class=\"su-spoiler-icon\"><\/span>Tablas de contingencia<\/div><div class=\"su-spoiler-content su-u-clearfix su-u-trim\">En contrucci\u00f3n. Disculpe las molestias.<\/div><\/div>\n<h6><em><strong>An\u00e1lisis avanzado<\/strong><\/em><\/h6>\n<p>El an\u00e1lisis estad\u00edstico avanzado proporciona la generaci\u00f3n de modelos, inferencias e incluso predicciones a partir de los datos. Gracias a este an\u00e1lisis estad\u00edstico m\u00e1s avanzado, se pueden obtener patrones subyacentes de la informaci\u00f3n recogida que el an\u00e1lisis descriptivo no permite obtener a simple vista.<\/p>\n<p>Algunas t\u00e9cnicas de an\u00e1lisis estad\u00edsticos avanzados son las siguientes:<\/p>\n<div class=\"su-spoiler su-spoiler-style-fancy su-spoiler-icon-plus su-spoiler-closed\" data-scroll-offset=\"0\" data-anchor-in-url=\"no\"><div class=\"su-spoiler-title\" tabindex=\"0\" role=\"button\"><span class=\"su-spoiler-icon\"><\/span>Comparaci\u00f3n de medias (pruebas T y ANOVA)<\/div><div class=\"su-spoiler-content su-u-clearfix su-u-trim\">En contrucci\u00f3n. Disculpe las molestias.<\/div><\/div>\n<div class=\"su-spoiler su-spoiler-style-fancy su-spoiler-icon-plus su-spoiler-closed\" data-scroll-offset=\"0\" data-anchor-in-url=\"no\"><div class=\"su-spoiler-title\" tabindex=\"0\" role=\"button\"><span class=\"su-spoiler-icon\"><\/span>An\u00e1lisis factorial<\/div><div class=\"su-spoiler-content su-u-clearfix su-u-trim\">En contrucci\u00f3n. Disculpe las molestias.<\/div><\/div>\n<div class=\"su-spoiler su-spoiler-style-fancy su-spoiler-icon-plus su-spoiler-closed\" data-scroll-offset=\"0\" data-anchor-in-url=\"no\"><div class=\"su-spoiler-title\" tabindex=\"0\" role=\"button\"><span class=\"su-spoiler-icon\"><\/span>An\u00e1lisis cl\u00faster o de conglomerados<\/div><div class=\"su-spoiler-content su-u-clearfix su-u-trim\">En contrucci\u00f3n. Disculpe las molestias.<\/div><\/div>\n<\/div><\/div><\/div>\n<div class=\"su-divider su-divider-style-default\" style=\"margin:15px 0;border-width:3px;border-color:#999999\"><a href=\"#\" style=\"color:#999999\">Subir<\/a><\/div>\n<div class=\"su-spoiler su-spoiler-style-fancy su-spoiler-icon-plus su-spoiler-closed\" data-scroll-offset=\"0\" data-anchor-in-url=\"no\"><div class=\"su-spoiler-title\" tabindex=\"0\" role=\"button\"><span class=\"su-spoiler-icon\"><\/span>An\u00e1lisis de datos con SPSS<\/div><div class=\"su-spoiler-content su-u-clearfix su-u-trim\">Para el an\u00e1lisis de datos, nosotros utilizamos el programa SPSS. En la siguiente presentaci\u00f3n, aprender\u00e1s paso a paso c\u00f3mo realizar un an\u00e1lisis de datos con dicho programa.<\/p>\n<iframe loading=\"lazy\" src=\"https:\/\/www.slideshare.net\/slideshow\/embed_code\/28732758\" width=\"900\" height=\"716\" frameborder=\"0\" marginwidth=\"0\" marginheight=\"0\" scrolling=\"no\"><\/iframe><br\/><\/div><\/div>\n<div class=\"su-divider su-divider-style-default\" style=\"margin:15px 0;border-width:3px;border-color:#999999\"><a href=\"#\" style=\"color:#999999\">Subir<\/a><\/div>\n<p>&nbsp;<\/p>\n","protected":false},"excerpt":{"rendered":"<p>Una vez recogidos los datos mediante las t\u00e9cnicas anteriormente indicadas, proceder\u00e1s al an\u00e1lisis de los mismos para obtener la informaci\u00f3n que necesites. Este an\u00e1lisis lo puedes realizar a trav\u00e9s de los siguientes m\u00e9todos: &nbsp;<\/p>\n","protected":false},"author":1,"featured_media":0,"parent":201,"menu_order":0,"comment_status":"closed","ping_status":"closed","template":"content-sidebar-page.php","meta":{"footnotes":""},"class_list":["post-208","page","type-page","status-publish","hentry"],"_links":{"self":[{"href":"https:\/\/logit.es\/index.php?rest_route=\/wp\/v2\/pages\/208","targetHints":{"allow":["GET"]}}],"collection":[{"href":"https:\/\/logit.es\/index.php?rest_route=\/wp\/v2\/pages"}],"about":[{"href":"https:\/\/logit.es\/index.php?rest_route=\/wp\/v2\/types\/page"}],"author":[{"embeddable":true,"href":"https:\/\/logit.es\/index.php?rest_route=\/wp\/v2\/users\/1"}],"replies":[{"embeddable":true,"href":"https:\/\/logit.es\/index.php?rest_route=%2Fwp%2Fv2%2Fcomments&post=208"}],"version-history":[{"count":22,"href":"https:\/\/logit.es\/index.php?rest_route=\/wp\/v2\/pages\/208\/revisions"}],"predecessor-version":[{"id":507,"href":"https:\/\/logit.es\/index.php?rest_route=\/wp\/v2\/pages\/208\/revisions\/507"}],"up":[{"embeddable":true,"href":"https:\/\/logit.es\/index.php?rest_route=\/wp\/v2\/pages\/201"}],"wp:attachment":[{"href":"https:\/\/logit.es\/index.php?rest_route=%2Fwp%2Fv2%2Fmedia&parent=208"}],"curies":[{"name":"wp","href":"https:\/\/api.w.org\/{rel}","templated":true}]}}