{"id":206,"date":"2013-10-11T11:59:28","date_gmt":"2013-10-11T09:59:28","guid":{"rendered":"http:\/\/logit.es\/?page_id=206"},"modified":"2013-11-29T14:35:14","modified_gmt":"2013-11-29T12:35:14","slug":"recogida-de-datos","status":"publish","type":"page","link":"https:\/\/logit.es\/?page_id=206","title":{"rendered":"Fuentes m\u00e1s comunes para la obtenci\u00f3n de datos que puedes utilizar en tu proyecto de investigaci\u00f3n"},"content":{"rendered":"<p>Las fuentes para la obtenci\u00f3n de datos que puedes utilizar en tu proyecto de investigaci\u00f3n se clasifican generalmente en dos grupos:<\/p>\n<ul>\n<li><strong>Fuentes de informaci\u00f3n secundaria<\/strong>. Las fuentes de informaci\u00f3n secundaria las constituyen las instituciones que recopilan datos que tienen que ver con la investigaci\u00f3n que estamos llevando a cabo, dichos datos pueden adaptarse o no a los objetivos de la investigaci\u00f3n.<\/li>\n<\/ul>\n<p style=\"padding-left: 30px;\"><div class=\"su-spoiler su-spoiler-style-fancy su-spoiler-icon-plus su-spoiler-closed\" data-scroll-offset=\"0\" data-anchor-in-url=\"no\"><div class=\"su-spoiler-title\" tabindex=\"0\" role=\"button\"><span class=\"su-spoiler-icon\"><\/span>Algunas fuentes de informaci\u00f3n de car\u00e1cter secundario.<\/div><div class=\"su-spoiler-content su-u-clearfix su-u-trim\">Algunas fuentes de informaci\u00f3n de car\u00e1cter secundario que puedes utilizar son las siguientes:<\/p>\n<ul>\n<li><a href=\"http:\/\/ine.es\/\" target=\"_blank\">Instituto Nacional de Estad\u00edstica<\/a>.<\/li>\n<li><a href=\"http:\/\/www.bde.es\/bde\/es\/\" target=\"_blank\">Banco de Espa\u00f1a<\/a>.<\/li>\n<li><a href=\"http:\/\/www.empleo.gob.es\/es\/estadisticas\/index.htm\" target=\"_blank\">Ministerio de Empleo y Seguridad Social<\/a>.<\/li>\n<li><a href=\"http:\/\/www.anuarieco.lacaixa.comunicacions.com\/java\/X?cgi=caixa.anuari99.util.ChangeLanguage&amp;lang=esp\" target=\"_blank\">Anuario Econ\u00f3mico de Espa\u00f1a de La Caixa<\/a>.<\/div><\/div><\/li>\n<\/ul>\n<ul>\n<li><strong>Fuentes de informaci\u00f3n primaria<\/strong>. Las fuentes de informaci\u00f3n primaria son las t\u00e9cnicas de recogida de informaci\u00f3n llevada por nosotros mismos y, por tanto, a medida de los objetivos de la investigaci\u00f3n.<\/li>\n<\/ul>\n<p>Pero, \u00bfc\u00f3mo elegir entre una fuente u otra? El siguiente diagrama recoge, de forma simplificada, c\u00f3mo podemos desarrollar esta decisi\u00f3n.<\/p>\n<p><a href=\"https:\/\/logit.es\/wp-content\/uploads\/2013\/10\/Imagen3.jpg\"><img loading=\"lazy\" decoding=\"async\" class=\"alignnone  wp-image-274\" alt=\"Imagen3\" src=\"https:\/\/logit.es\/wp-content\/uploads\/2013\/10\/Imagen3.jpg\" width=\"524\" height=\"332\" srcset=\"https:\/\/logit.es\/wp-content\/uploads\/2013\/10\/Imagen3.jpg 1457w, https:\/\/logit.es\/wp-content\/uploads\/2013\/10\/Imagen3-300x189.jpg 300w, https:\/\/logit.es\/wp-content\/uploads\/2013\/10\/Imagen3-1024x647.jpg 1024w\" sizes=\"auto, (max-width: 524px) 100vw, 524px\" \/><\/a><\/p>\n","protected":false},"excerpt":{"rendered":"<p>Las fuentes para la obtenci\u00f3n de datos que puedes utilizar en tu proyecto de investigaci\u00f3n se clasifican generalmente en dos grupos: Fuentes de informaci\u00f3n secundaria. Las fuentes de informaci\u00f3n secundaria las constituyen las instituciones que recopilan datos que tienen que ver con la investigaci\u00f3n que estamos llevando a cabo, dichos datos pueden adaptarse o no &#8230; <\/p>\n<p class=\"moree\"><a class=\"more\" href=\"https:\/\/logit.es\/?page_id=206\">Read more <i class=\"fa fa-arrow-circle-right\"><\/i><\/a><\/p>\n","protected":false},"author":1,"featured_media":0,"parent":201,"menu_order":0,"comment_status":"closed","ping_status":"closed","template":"content-sidebar-page.php","meta":{"footnotes":""},"class_list":["post-206","page","type-page","status-publish","hentry"],"_links":{"self":[{"href":"https:\/\/logit.es\/index.php?rest_route=\/wp\/v2\/pages\/206","targetHints":{"allow":["GET"]}}],"collection":[{"href":"https:\/\/logit.es\/index.php?rest_route=\/wp\/v2\/pages"}],"about":[{"href":"https:\/\/logit.es\/index.php?rest_route=\/wp\/v2\/types\/page"}],"author":[{"embeddable":true,"href":"https:\/\/logit.es\/index.php?rest_route=\/wp\/v2\/users\/1"}],"replies":[{"embeddable":true,"href":"https:\/\/logit.es\/index.php?rest_route=%2Fwp%2Fv2%2Fcomments&post=206"}],"version-history":[{"count":11,"href":"https:\/\/logit.es\/index.php?rest_route=\/wp\/v2\/pages\/206\/revisions"}],"predecessor-version":[{"id":512,"href":"https:\/\/logit.es\/index.php?rest_route=\/wp\/v2\/pages\/206\/revisions\/512"}],"up":[{"embeddable":true,"href":"https:\/\/logit.es\/index.php?rest_route=\/wp\/v2\/pages\/201"}],"wp:attachment":[{"href":"https:\/\/logit.es\/index.php?rest_route=%2Fwp%2Fv2%2Fmedia&parent=206"}],"curies":[{"name":"wp","href":"https:\/\/api.w.org\/{rel}","templated":true}]}}