{"id":204,"date":"2013-10-11T11:58:27","date_gmt":"2013-10-11T09:58:27","guid":{"rendered":"http:\/\/logit.es\/?page_id=204"},"modified":"2013-11-28T14:37:53","modified_gmt":"2013-11-28T12:37:53","slug":"fijacion-de-objetivos","status":"publish","type":"page","link":"https:\/\/logit.es\/?page_id=204","title":{"rendered":"Define los objetivos en una investigaci\u00f3n. Ejemplos que te pueden ayudar."},"content":{"rendered":"<blockquote><p><img loading=\"lazy\" decoding=\"async\" class=\" wp-image-368 alignright\" alt=\"Charles_F._Kettering\" src=\"https:\/\/logit.es\/wp-content\/uploads\/2013\/10\/Charles_F._Kettering.jpg\" width=\"108\" height=\"98\" srcset=\"https:\/\/logit.es\/wp-content\/uploads\/2013\/10\/Charles_F._Kettering.jpg 500w, https:\/\/logit.es\/wp-content\/uploads\/2013\/10\/Charles_F._Kettering-300x271.jpg 300w\" sizes=\"auto, (max-width: 108px) 100vw, 108px\" \/>\u201cUn problema bien definido es un problema medio resuelto\u201d<\/p>\n<p style=\"text-align: right;\"><a href=\"http:\/\/es.wikipedia.org\/wiki\/Charles_Kettering\" target=\"_blank\">Charles F. Kettering<\/a><\/p>\n<\/blockquote>\n<p style=\"text-align: left;\">La definici\u00f3n los objetivos son la base de todo proceso de investigaci\u00f3n. Nunca se deben perder de vista y, su modificaci\u00f3n, debe estar claramente fundamentada.<\/p>\n<p style=\"text-align: left;\">Los objetivos se pueden formular a tres niveles:<\/p>\n<ul>\n<li><strong>Objetivo general<\/strong>. La informaci\u00f3n \u00faltima que queremos obtener. El objetivo general es \u00fanico.<\/li>\n<\/ul>\n<p style=\"padding-left: 30px;\">Por ejemplo: <em>Conocer la demanda potencial de nuestro servicio.<\/em><\/p>\n<ul>\n<li><strong>Objetivos espec\u00edficos<\/strong>. Los objetivos espec\u00edficos nos indican en qu\u00e9 aspectos vamos a profundizar en el desarrollo de nuestra investigaci\u00f3n.<\/li>\n<\/ul>\n<p style=\"padding-left: 30px;\">Por ejemplo:<\/p>\n<ul>\n<ul>\n<li><em>Conocer el c\u00f3mo funciona el mercado en el que desarrollamos nuestra actividad.<\/em><\/li>\n<li><em>Conocer el comportamiento de nuestros potenciales clientes en la decisi\u00f3n de compra.<\/em><\/li>\n<li><em>Conocer los factores que determinan la decisi\u00f3n de compra de nuestros potenciales clientes<\/em><\/li>\n<\/ul>\n<\/ul>\n<ul>\n<li><strong>Objetivos operativos<\/strong>. Los objetivos operativos indican cuales van a ser, a grandes rasgos, las metodolog\u00edas utilizadas para la consecuci\u00f3n de los objetivos planteados.<\/li>\n<\/ul>\n<p style=\"padding-left: 30px;\">Por ejemplo:<\/p>\n<ul>\n<ul>\n<li><em>Desarrollo de una investigaci\u00f3n de fuentes secundarias sobre el mercado en el que desarrollamos nuestra actividad.<\/em><\/li>\n<li><em>Desarrollo de una investigaci\u00f3n cualitativa mediante din\u00e1micas de grupo a prescriptores de nuestro mercado.<\/em><\/li>\n<li><em>Desarrollo de un proceso de encuestaci\u00f3n tel\u00e9fonica asistida por ordenador (CATI) a clientes potenciales.<\/em><\/li>\n<\/ul>\n<\/ul>\n<p>A grandes rasgos, para desarrollar los objetivos nos planteamos las siguientes preguntas:<\/p>\n<p><a href=\"https:\/\/logit.es\/wp-content\/uploads\/2013\/10\/Sin-t\u00edtulo1.jpg\"><img loading=\"lazy\" decoding=\"async\" class=\"alignnone  wp-image-419 aligncenter\" alt=\"Sin-t\u00edtulo1\" src=\"https:\/\/logit.es\/wp-content\/uploads\/2013\/10\/Sin-t\u00edtulo1.jpg\" width=\"430\" height=\"119\" srcset=\"https:\/\/logit.es\/wp-content\/uploads\/2013\/10\/Sin-t\u00edtulo1.jpg 537w, https:\/\/logit.es\/wp-content\/uploads\/2013\/10\/Sin-t\u00edtulo1-300x83.jpg 300w\" sizes=\"auto, (max-width: 430px) 100vw, 430px\" \/><\/a><\/p>\n<p>Para el desarrollo de los objetivos, la forma m\u00e1s com\u00fan de trabajar es mediante una <a href=\"http:\/\/es.wikipedia.org\/wiki\/Lluvia_de_ideas\" target=\"_blank\"><strong>tormenta de ideas<\/strong><\/a> entre el personal encargado del proceso de investigaci\u00f3n. Los resultados de la tormenta de ideas, deber\u00e1n ser revisados por el responsable de final de la investigaci\u00f3n.<\/p>\n<div class=\"su-divider su-divider-style-default\" style=\"margin:15px 0;border-width:3px;border-color:#999999\"><a href=\"#\" style=\"color:#999999\">Subir<\/a><\/div>\n<p>&nbsp;<\/p>\n","protected":false},"excerpt":{"rendered":"<p>\u201cUn problema bien definido es un problema medio resuelto\u201d Charles F. Kettering La definici\u00f3n los objetivos son la base de todo proceso de investigaci\u00f3n. Nunca se deben perder de vista y, su modificaci\u00f3n, debe estar claramente fundamentada. Los objetivos se pueden formular a tres niveles: Objetivo general. La informaci\u00f3n \u00faltima que queremos obtener. El objetivo &#8230; <\/p>\n<p class=\"moree\"><a class=\"more\" href=\"https:\/\/logit.es\/?page_id=204\">Read more <i class=\"fa fa-arrow-circle-right\"><\/i><\/a><\/p>\n","protected":false},"author":1,"featured_media":0,"parent":201,"menu_order":0,"comment_status":"closed","ping_status":"closed","template":"content-sidebar-page.php","meta":{"footnotes":""},"class_list":["post-204","page","type-page","status-publish","hentry"],"_links":{"self":[{"href":"https:\/\/logit.es\/index.php?rest_route=\/wp\/v2\/pages\/204","targetHints":{"allow":["GET"]}}],"collection":[{"href":"https:\/\/logit.es\/index.php?rest_route=\/wp\/v2\/pages"}],"about":[{"href":"https:\/\/logit.es\/index.php?rest_route=\/wp\/v2\/types\/page"}],"author":[{"embeddable":true,"href":"https:\/\/logit.es\/index.php?rest_route=\/wp\/v2\/users\/1"}],"replies":[{"embeddable":true,"href":"https:\/\/logit.es\/index.php?rest_route=%2Fwp%2Fv2%2Fcomments&post=204"}],"version-history":[{"count":21,"href":"https:\/\/logit.es\/index.php?rest_route=\/wp\/v2\/pages\/204\/revisions"}],"predecessor-version":[{"id":420,"href":"https:\/\/logit.es\/index.php?rest_route=\/wp\/v2\/pages\/204\/revisions\/420"}],"up":[{"embeddable":true,"href":"https:\/\/logit.es\/index.php?rest_route=\/wp\/v2\/pages\/201"}],"wp:attachment":[{"href":"https:\/\/logit.es\/index.php?rest_route=%2Fwp%2Fv2%2Fmedia&parent=204"}],"curies":[{"name":"wp","href":"https:\/\/api.w.org\/{rel}","templated":true}]}}